{"id":914,"date":"2024-09-01T15:12:28","date_gmt":"2024-09-01T15:12:28","guid":{"rendered":"http:\/\/agnocloud.io\/?page_id=914"},"modified":"2024-09-02T16:11:18","modified_gmt":"2024-09-02T16:11:18","slug":"header","status":"publish","type":"page","link":"https:\/\/agnocloud.io\/en\/header\/","title":{"rendered":"header"},"content":{"rendered":"\t\t<div data-elementor-type=\"wp-page\" data-elementor-id=\"914\" class=\"elementor elementor-914\" data-elementor-post-type=\"page\">\n\t\t\t\t<div class=\"elementor-element elementor-element-6d579d7 e-flex e-con-boxed e-con e-parent\" data-id=\"6d579d7\" data-element_type=\"container\" data-e-type=\"container\" data-settings=\"{&quot;background_background&quot;:&quot;classic&quot;,&quot;background_motion_fx_motion_fx_scrolling&quot;:&quot;yes&quot;,&quot;background_motion_fx_devices&quot;:[&quot;desktop&quot;,&quot;tablet&quot;,&quot;mobile&quot;]}\">\n\t\t\t\t\t<div class=\"e-con-inner\">\n\t\t<div class=\"elementor-element elementor-element-3b039bc e-con-full e-flex e-con e-child\" data-id=\"3b039bc\" data-element_type=\"container\" data-e-type=\"container\">\n\t\t\t\t<div class=\"elementor-element elementor-element-644725d elementor-widget elementor-widget-heading\" data-id=\"644725d\" data-element_type=\"widget\" data-e-type=\"widget\" data-widget_type=\"heading.default\">\n\t\t\t\t<div class=\"elementor-widget-container\">\n\t\t\t\t\t<h2 class=\"elementor-heading-title elementor-size-default\">Arquitectura de software<\/h2>\t\t\t\t<\/div>\n\t\t\t\t<\/div>\n\t\t\t\t<div class=\"elementor-element elementor-element-ad4393d elementor-widget elementor-widget-heading\" data-id=\"ad4393d\" data-element_type=\"widget\" data-e-type=\"widget\" data-widget_type=\"heading.default\">\n\t\t\t\t<div class=\"elementor-widget-container\">\n\t\t\t\t\t<h2 class=\"elementor-heading-title elementor-size-default\">Gesti\u00f3n y an\u00e1lisis de Datos<\/h2>\t\t\t\t<\/div>\n\t\t\t\t<\/div>\n\t\t\t\t<div class=\"elementor-element elementor-element-107fad5 elementor-widget elementor-widget-heading\" data-id=\"107fad5\" data-element_type=\"widget\" data-e-type=\"widget\" data-widget_type=\"heading.default\">\n\t\t\t\t<div class=\"elementor-widget-container\">\n\t\t\t\t\t<h2 class=\"elementor-heading-title elementor-size-default\">Inteligencia Artifical<\/h2>\t\t\t\t<\/div>\n\t\t\t\t<\/div>\n\t\t\t\t<div class=\"elementor-element elementor-element-aafd14d elementor-widget elementor-widget-heading\" data-id=\"aafd14d\" data-element_type=\"widget\" data-e-type=\"widget\" data-widget_type=\"heading.default\">\n\t\t\t\t<div class=\"elementor-widget-container\">\n\t\t\t\t\t<h2 class=\"elementor-heading-title elementor-size-default\">Seguridad Inform\u00e1tica<\/h2>\t\t\t\t<\/div>\n\t\t\t\t<\/div>\n\t\t\t\t<\/div>\n\t\t\t\t<div class=\"elementor-element elementor-element-839bfbd elementor-widget elementor-widget-heading\" data-id=\"839bfbd\" data-element_type=\"widget\" data-e-type=\"widget\" data-widget_type=\"heading.default\">\n\t\t\t\t<div class=\"elementor-widget-container\">\n\t\t\t\t\t<h2 class=\"elementor-heading-title elementor-size-default\">Simplificamos tus desaf\u00edos en la nube<\/h2>\t\t\t\t<\/div>\n\t\t\t\t<\/div>\n\t\t\t\t<div class=\"elementor-element elementor-element-f03df78 elementor-widget__width-initial elementor-widget elementor-widget-text-editor\" data-id=\"f03df78\" data-element_type=\"widget\" data-e-type=\"widget\" data-widget_type=\"text-editor.default\">\n\t\t\t\t<div class=\"elementor-widget-container\">\n\t\t\t\t\t\t\t\t\t<p>En AgnoCloud, entendemos los desaf\u00edos que enfrentan las empresas en la nube. Desde la optimizaci\u00f3n de costos hasta la gesti\u00f3n de la complejidad operativa, ofrecemos soluciones que te permiten concentrarte en el crecimiento de tu negocio.<\/p>\t\t\t\t\t\t\t\t<\/div>\n\t\t\t\t<\/div>\n\t\t\t\t<div class=\"elementor-element elementor-element-e26f15c elementor-widget elementor-widget-image\" data-id=\"e26f15c\" data-element_type=\"widget\" data-e-type=\"widget\" data-settings=\"{&quot;motion_fx_motion_fx_mouse&quot;:&quot;yes&quot;,&quot;motion_fx_mouseTrack_effect&quot;:&quot;yes&quot;,&quot;motion_fx_mouseTrack_speed&quot;:{&quot;unit&quot;:&quot;px&quot;,&quot;size&quot;:1.7,&quot;sizes&quot;:[]}}\" data-widget_type=\"image.default\">\n\t\t\t\t<div class=\"elementor-widget-container\">\n\t\t\t\t\t\t\t\t\t\t\t\t\t\t\t<img fetchpriority=\"high\" decoding=\"async\" width=\"173\" height=\"569\" src=\"https:\/\/agnocloud.io\/wp-content\/uploads\/2024\/09\/header02.png\" class=\"attachment-large size-large wp-image-917\" alt=\"\" srcset=\"https:\/\/agnocloud.io\/wp-content\/uploads\/2024\/09\/header02.png 173w, https:\/\/agnocloud.io\/wp-content\/uploads\/2024\/09\/header02-91x300.png 91w\" sizes=\"(max-width: 173px) 100vw, 173px\" \/>\t\t\t\t\t\t\t\t\t\t\t\t\t\t\t<\/div>\n\t\t\t\t<\/div>\n\t\t\t\t\t<\/div>\n\t\t\t\t<\/div>\n\t\t<div class=\"elementor-element elementor-element-3324a1c e-flex e-con-boxed e-con e-parent\" data-id=\"3324a1c\" data-element_type=\"container\" data-e-type=\"container\">\n\t\t\t\t\t<div class=\"e-con-inner\">\n\t\t\t\t<div class=\"elementor-element elementor-element-01b215f elementor-widget elementor-widget-heading\" data-id=\"01b215f\" data-element_type=\"widget\" data-e-type=\"widget\" data-widget_type=\"heading.default\">\n\t\t\t\t<div class=\"elementor-widget-container\">\n\t\t\t\t\t<h2 class=\"elementor-heading-title elementor-size-default\">Add Your Heading Text Here<\/h2>\t\t\t\t<\/div>\n\t\t\t\t<\/div>\n\t\t\t\t<div class=\"elementor-element elementor-element-449e432 elementor-widget elementor-widget-text-editor\" data-id=\"449e432\" data-element_type=\"widget\" data-e-type=\"widget\" data-widget_type=\"text-editor.default\">\n\t\t\t\t<div class=\"elementor-widget-container\">\n\t\t\t\t\t\t\t\t\t<p>Lorem ipsum dolor sit amet, consectetur adipiscing elit. Ut elit tellus, luctus nec ullamcorper mattis, pulvinar dapibus leo.<\/p>\t\t\t\t\t\t\t\t<\/div>\n\t\t\t\t<\/div>\n\t\t\t\t\t<\/div>\n\t\t\t\t<\/div>\n\t\t\t\t<\/div>\n\t\t","protected":false},"excerpt":{"rendered":"<p>Arquitectura de software Gesti\u00f3n y an\u00e1lisis de Datos Inteligencia Artifical Seguridad Inform\u00e1tica Simplificamos tus desaf\u00edos en la nube En AgnoCloud, entendemos los desaf\u00edos que enfrentan las empresas en la nube. Desde la optimizaci\u00f3n de costos hasta la gesti\u00f3n de la complejidad operativa, ofrecemos soluciones que te permiten concentrarte en el crecimiento de tu negocio. Add [&hellip;]<\/p>\n","protected":false},"author":1,"featured_media":0,"parent":0,"menu_order":0,"comment_status":"closed","ping_status":"closed","template":"elementor_header_footer","meta":{"footnotes":""},"class_list":["post-914","page","type-page","status-publish","hentry"],"_links":{"self":[{"href":"https:\/\/agnocloud.io\/en\/wp-json\/wp\/v2\/pages\/914","targetHints":{"allow":["GET"]}}],"collection":[{"href":"https:\/\/agnocloud.io\/en\/wp-json\/wp\/v2\/pages"}],"about":[{"href":"https:\/\/agnocloud.io\/en\/wp-json\/wp\/v2\/types\/page"}],"author":[{"embeddable":true,"href":"https:\/\/agnocloud.io\/en\/wp-json\/wp\/v2\/users\/1"}],"replies":[{"embeddable":true,"href":"https:\/\/agnocloud.io\/en\/wp-json\/wp\/v2\/comments?post=914"}],"version-history":[{"count":23,"href":"https:\/\/agnocloud.io\/en\/wp-json\/wp\/v2\/pages\/914\/revisions"}],"predecessor-version":[{"id":946,"href":"https:\/\/agnocloud.io\/en\/wp-json\/wp\/v2\/pages\/914\/revisions\/946"}],"wp:attachment":[{"href":"https:\/\/agnocloud.io\/en\/wp-json\/wp\/v2\/media?parent=914"}],"curies":[{"name":"wp","href":"https:\/\/api.w.org\/{rel}","templated":true}]}}